{"id":1347,"date":"2021-02-12T03:52:38","date_gmt":"2021-02-12T08:52:38","guid":{"rendered":"http:\/\/chocomotive.makeme.build\/?page_id=1347"},"modified":"2022-10-26T20:58:08","modified_gmt":"2022-10-27T00:58:08","slug":"points-de-vente","status":"publish","type":"page","link":"https:\/\/chocomotive.ca\/en\/points-de-vente\/","title":{"rendered":"Sale locations"},"content":{"rendered":"\n  <div class=\"banner has-hover has-parallax\" id=\"banner-907332194\">\n          <div class=\"banner-inner fill\">\n        <div class=\"banner-bg fill\" data-parallax=\"-7\" data-parallax-container=\".banner\" data-parallax-background>\n            <div class=\"bg fill bg-fill \"><\/div>\n                        <div class=\"overlay\"><\/div>            \n                    <\/div>\n        <div class=\"banner-layers container\">\n            <div class=\"fill banner-link\"><\/div>            \n   <div id=\"text-box-303708668\" class=\"text-box banner-layer x50 md-x50 lg-x50 y50 md-y50 lg-y50 res-text\">\n                                <div class=\"text dark\">\n              \n              <div class=\"text-inner text-center\">\n                  \n<h3 class=\"uppercase\"><strong>SALE LOCATIONS<br \/><\/strong><\/h3>\n              <\/div>\n           <\/div>\n                            \n<style scope=\"scope\">\n\n#text-box-303708668 {\n  width: 60%;\n}\n#text-box-303708668 .text {\n  font-size: 100%;\n}\n<\/style>\n    <\/div>\n \n        <\/div>\n      <\/div>\n\n            \n<style scope=\"scope\">\n\n#banner-907332194 {\n  padding-top: 400px;\n}\n#banner-907332194 .bg.bg-loaded {\n  background-image: url(https:\/\/chocomotive.ca\/wp-content\/uploads\/2019\/11\/4F1A3773-scaled.jpg);\n}\n#banner-907332194 .overlay {\n  background-color: rgba(0,0,0,.5);\n}\n#banner-907332194 .bg {\n  background-position: 53% 100%;\n}\n<\/style>\n  <\/div>\n\n\n<div class=\"row align-center\"  id=\"row-1593962356\">\n\n\t<div class=\"col medium-4 small-10 large-4\"  >\n\t\t<div class=\"col-inner\" style=\"padding:0px 40px 0px 0px;\" >\n\t\t\t\n\t\t\t\n<h1>Sale locations<\/h1>\n<p><span class=\"VIiyi\" lang=\"en\"><span class=\"JLqJ4b ChMk0b\" data-language-for-alternatives=\"en\" data-language-to-translate-into=\"fr\" data-phrase-index=\"0\">You will find our products here:<\/span><\/span><\/p>\n\t\t<\/div>\n\t<\/div>\n\n\t\n\n\t<div class=\"col medium-8 small-10 large-8\"  >\n\t\t<div class=\"col-inner\"  >\n\t\t\t\n\t\t\t\n<div class=\"row\"  id=\"row-1395648068\">\n\n\t<div class=\"col medium-6 small-12 large-6\"  >\n\t\t<div class=\"col-inner text-center\"  >\n\t\t\t\n\t\t\t\n\n\t\t<div class=\"icon-box featured-box icon-box-top text-left\"  >\n\t\t\t\t\t<div class=\"icon-box-img\" style=\"width: 60px\">\n\t\t\t\t<div class=\"icon\">\n\t\t\t\t\t<div class=\"icon-inner\" >\n\t\t\t\t\t\t<?xml version=\"1.0\" encoding=\"utf-8\"?>\n<!-- Generator: Adobe Illustrator 23.0.1, SVG Export Plug-In . SVG Version: 6.00 Build 0)  -->\n<svg version=\"1.1\" id=\"Layer_1\" xmlns=\"http:\/\/www.w3.org\/2000\/svg\" xmlns:xlink=\"http:\/\/www.w3.org\/1999\/xlink\" x=\"0px\" y=\"0px\"\n\t viewBox=\"0 0 496 496\" style=\"enable-background:new 0 0 496 496;\" xml:space=\"preserve\">\n<path d=\"M160.4,96H56c-13.2,0-24,10.8-24,24v14.3l-28.5,64C1.2,203.6,0,209.2,0,215c0,19.5,13.7,35.8,32,39.9v116.6\n\tC17.9,377.7,8,391.7,8,408c0,9.6,3.5,18.2,9.1,25.1C7.3,436.1,0,445.2,0,456v40h224v-32h48v32h224v-40c0-10.8-7.3-19.9-17.1-22.9\n\tc5.6-6.9,9.1-15.6,9.1-25.1c0-16.3-9.9-30.3-24-36.5V254.9c18.3-4.1,32-20.4,32-39.9c0-5.8-1.2-11.4-3.5-16.6l-28.5-64V120\n\tc0-13.2-10.8-24-24-24H335.6 M472,408c0,13.2-10.8,24-24,24H320c-13.2,0-24-10.8-24-24c0-16,15.6-28.7,32.4-22.4l6.8,2.6l3.2-6.6\n\tc5.6-11.6,19.5-17.2,31.9-11.1l6.6,3.2l3.8-6.2c5.9-9.7,16.1-15.5,27.2-15.5c15.2,0,28.4,10.8,31.4,25.7l1.3,6.6l6.7-0.2\n\tc0.4,0,0.8-0.1,0.6-0.1C461.2,384,472,394.8,472,408z M273.5,448h-51c-2.6-7.1-8.4-12.7-15.7-14.9c5.6-6.9,9.1-15.6,9.1-25.1\n\tc0-13-6.3-24.5-16-31.8V288h96v88.2c-9.7,7.3-16,18.8-16,31.8c0,9.6,3.5,18.2,9.1,25.1C281.8,435.3,276,440.9,273.5,448z M48,255.8\n\tc12.8-0.6,24.2-6.9,31.4-16.9c7.2,10.3,19.1,17,32.6,17h4.2c13.9,0,26.5-7.1,33.8-18.7c7,11.2,19.3,18.7,33.4,18.7\n\tc13.1,0,24.9-6.5,32.2-16.7c7.3,10.1,19,16.7,32.4,16.7s25.1-6.6,32.4-16.7c7.2,10.2,19,16.7,32.2,16.7c14.1,0,26.5-7.5,33.4-18.7\n\tc7.3,11.6,19.9,18.7,33.8,18.7h4.2c13.5,0,25.4-6.8,32.6-17c7.2,9.9,18.6,16.3,31.4,16.9v101.9c-8.7-13.2-23.5-21.7-40-21.7\n\tc-14.5,0-27.9,6.5-37,17.6c-16.3-4.8-33.9,1.7-43.4,15.2c-2.5-0.5-5-0.8-7.6-0.8c-2.7,0-5.4,0.3-8,0.8V272H184v96.8\n\tc-2.6-0.5-5.3-0.8-8-0.8c-2.5,0-5,0.3-7.6,0.8c-9.5-13.4-27.1-20-43.4-15.2c-9.1-11.1-22.5-17.6-37-17.6c-16.5,0-31.3,8.6-40,21.7\n\tV255.8z M151.2,144l-7,69.7l-6.5,13c-4.1,8.2-12.3,13.3-21.5,13.3H112c-13.2,0-24-10.8-24-24h-0.2l14.7-72H151.2z M208,166.3V215\n\tl-1.8,7.2c-2.6,10.5-12,17.8-22.7,17.8c-12.9,0-23.4-10.5-23.5-23.2l7.3-72.8h12.9C187.8,153.2,197.3,160.8,208,166.3z M315.8,144\n\th12.9l7.2,72.6c0,12.9-10.5,23.4-23.4,23.4c-10.8,0-20.1-7.3-22.7-17.8L288,215v-48.7C298.7,160.8,308.2,153.2,315.8,144z\n\t M393.4,144l14.5,72.7c-0.4,12.9-11,23.3-24,23.3h-4.2c-9.2,0-17.4-5.1-21.5-13.3l-6.6-13.2l-6.9-69.5H393.4z M272,172.6V216\n\tc0,13.2-10.8,24-24,24s-24-10.8-24-24v-43.4 M480,215c0,13.8-11.2,25-25,25h-5.2c-11.5,0-21.5-7.8-24.2-18.9L409.8,144h41l27,60.8\n\tC479.3,208.1,480,211.5,480,215z M440,112c4.4,0,8,3.6,8,8v8H326.3c2.6-5.1,4.7-10.4,6.3-16H440z M48,120c0-4.4,3.6-8,8-8h107.4\n\tc1.6,5.6,3.7,10.9,6.3,16H48V120z M16,215c0-3.5,0.7-6.9,2.2-10.2l27-60.8h41l-14,70.1l-1.8,7C67.7,232.2,57.7,240,46.2,240H41\n\tC27.2,240,16,228.8,16,215z M47.3,384l8,0.3l1.3-6.6c3-14.9,16.2-25.7,31.4-25.7c11.2,0,21.3,5.8,27.2,15.5l3.8,6.2l6.5-3.2\n\tc12.4-6.1,26.3-0.5,31.9,11.1l3.2,6.6l6.8-2.6c16.8-6.4,32.5,6.4,32.5,22.4c0,13.2-10.8,24-24,24H48c-13.2,0-24-10.8-24-24\n\tS34.8,384,47.3,384z M208,480H16v-24c0-4.4,3.6-8,8-8h176c4.4,0,8,3.6,8,8V480z M480,480H288v-24c0-4.4,3.6-8,8-8h176\n\tc4.4,0,8,3.6,8,8V480z\"\/>\n<\/svg>\n\t\t\t\t\t<\/div>\n\t\t\t\t<\/div>\n\t\t\t<\/div>\n\t\t\t\t<div class=\"icon-box-text last-reset\">\n\t\t\t\t\t\t\t\t\t\n<h3 style=\"text-align: center;\">ChocoMotive<\/h3>\n<p style=\"text-align: center;\">502 Notre-Dame<br \/>\nMontebello, J0V 1L0<br \/>\n819 423-5737<\/p>\n\t\t<\/div>\n\t<\/div>\n\t\n\t\n\t\t<\/div>\n\t<\/div>\n\n\t\n\n\t<div class=\"col medium-6 small-12 large-6\"  >\n\t\t<div class=\"col-inner text-center\"  >\n\t\t\t\n\t\t\t\n\t\t<\/div>\n\t<\/div>\n\n\t\n<\/div>\n<h2>Qu\u00e9bec<\/h2>\n<p>Sign\u00e9 Local<br \/>\n<a href=\"https:\/\/www.signelocal.com\" target=\"_blank\" rel=\"noopener noreferrer\">signelocal.com<\/a><\/p>\n<p>Fromagerie Montebello<br \/>\n<a href=\"https:\/\/fromagerie-montebello.ca\" target=\"_blank\" rel=\"noopener noreferrer\">fromagerie-montebello.ca<\/a><\/p>\n<p>March\u00e9 Perrier<br \/>\n<a href=\"https:\/\/marchesergeperrier.ca\" target=\"_blank\" rel=\"noopener noreferrer\">marchesergeperrier.ca<\/a><\/p>\n<p>Miss Macaron<br \/>\n<a href=\"https:\/\/www.facebook.com\/miss.macaron2021\" target=\"_blank\" rel=\"noopener noreferrer\">facebook.com\/miss.macaron2021<\/a><\/p>\n<p>Station Namur<br \/>\n<a href=\"https:\/\/www.facebook.com\/profile.php?id=100045069196043\" target=\"_blank\" rel=\"noopener noreferrer\">facebook.com\/profile.php?id=100045069196043<\/a><\/p>\n<p>Parc Om\u00e9ga<br \/>\n<a href=\"https:\/\/www.parcomega.ca\" target=\"_blank\" rel=\"noopener noreferrer\">parcomega.ca<\/a><\/p>\n<p>Kenauk<br \/>\n<a href=\"https:\/\/kenauk.com\" target=\"_blank\" rel=\"noopener noreferrer\">kenauk.com<\/a><\/p>\n<p>Caf\u00e9 la Br\u00fblerie<br \/>\n<a href=\"https:\/\/labrulerie.ca\" target=\"_blank\" rel=\"noopener noreferrer\">labrulerie.ca<\/a><\/p>\n<p>Domaine de l\u2019Ange Gardien<br \/>\n<a href=\"http:\/\/www.domaineangegardien.com\" target=\"_blank\" rel=\"noopener noreferrer\">domaineangegardien.com<\/a><\/p>\n<p>Pure Art<br \/>\n<a href=\"https:\/\/pureart.ca\" target=\"_blank\" rel=\"noopener noreferrer\">pureart.ca<\/a><\/p>\n<p>Les D\u00e9lices du Lac St Jean<br \/>\n<a href=\"https:\/\/delicesdulac.com\" target=\"_blank\" rel=\"noopener noreferrer\">delicesdulac.com<\/a><\/p>\n<p>Parcelles et \u00e9tincelles<br \/>\n<a href=\"https:\/\/fr-ca.facebook.com\" target=\"_blank\" rel=\"noopener noreferrer\">fr-ca.facebook.com<\/a><\/p>\n<p>Panier Sant\u00e9<br \/>\n<a href=\"https:\/\/lepaniersante.com\" target=\"_blank\" rel=\"noopener noreferrer\">lepaniersante.com<\/a><\/p>\n<p>Le March\u00e9 des Saveurs du Qu\u00e9bec (Montr\u00e9al)<br \/>\n<a href=\"http:\/\/lemarchedessaveurs.com\/fr\/\" target=\"_blank\" rel=\"noopener noreferrer\">lemarchedessaveurs.com<\/a><\/p>\n<p>Pastina (Gatineau)<br \/>\n<a href=\"https:\/\/www.pastina.ca\" target=\"_blank\" rel=\"noopener noreferrer\">pastina.ca<\/a><\/p>\n<p>La Ferme Moreau (Ripon)<br \/>\n<a href=\"http:\/\/fermemoreau.com\/\" target=\"_blank\" rel=\"noopener noreferrer\">fermemoreau.com<\/a><\/p>\n<p>Les Trappes \u00e0 Fromage (Hull, Gatineau, Masson)<br \/>\n<a href=\"https:\/\/www.trappeafromage.com\" target=\"_blank\" rel=\"noopener noreferrer\">trappeafromage.com<\/a><\/p>\n<p>La Maison Bisson (Hull)<br \/>\n<a href=\"https:\/\/www.lamaisonbisson.com\" target=\"_blank\" rel=\"noopener noreferrer\">lamaisonbisson.com<\/a><\/p>\n<p>Le March\u00e9 de l\u2019Outaouais (Hull)<br \/>\n<a href=\"https:\/\/www.marcheoutaouais.com\" target=\"_blank\" rel=\"noopener noreferrer\">marcheoutaouais.com<\/a><\/p>\n<p>La Br\u00fblerie (Hull)<br \/>\n<a href=\"https:\/\/www.labrulerie.ca\" target=\"_blank\" rel=\"noopener noreferrer\">labrulerie.ca<\/a><\/p>\n<p>Domaine Mont V\u00e9zeau (Ripon)<br \/>\n<a href=\"http:\/\/www.domainemont-vezeau.com\/\" target=\"_blank\" rel=\"noopener noreferrer\">domainemont-vezeau.com<\/a><\/p>\n<p>Fine &amp; Fut\u00e9s (Buckingham)<br \/>\n<a href=\"https:\/\/www.facebook.com\/Fineetfutes\/info\" target=\"_blank\" rel=\"noopener noreferrer\">facebook.com\/Fineetfutes<\/a><\/p>\n<p>Le Brasse-Camarade (St-Andr\u00e9 Avellin)<br \/>\n<a href=\"https:\/\/lebrassecamarade.com\/\" target=\"_blank\" rel=\"noopener noreferrer\">lebrassecamarade.com<\/a><\/p>\n<p>Le March\u00e9 Wakim (Gatineau)<br \/>\n<a href=\"http:\/\/www.lemarchewakim.com\/\" target=\"_blank\" rel=\"noopener noreferrer\">lemarchewakim.com<\/a><\/p>\n<p>P\u00e2tisserie Fine Fid\u00e9lice (Gatineau)<br \/>\n<a href=\"https:\/\/fidelice.ca\/\" target=\"_blank\" rel=\"noopener noreferrer\">fidelice.ca<\/a><\/p>\n<p>Les br\u00fbleries Aladdin<br \/>\n<a href=\"https:\/\/www.coffee.ca\" rel=\"\">https:\/\/www.coffee.ca<\/a><\/p>\n<p>La petite grocerie, Chelsea<br \/>\n<a href=\"https:\/\/www.facebook.com\/Lagroceriechelsea\" rel=\"\">Facebook<\/a><\/p>\n<p>Raphy Rage de sucre, St J\u00e9r\u00f4me<br \/>\n<a href=\"https:\/\/www.facebook.com\/raphyragedesucrebarlaitiercomptoirsucre\/\" rel=\"\">Facebook<\/a><\/p>\n<p>KoKo Caf\u00e9, Namur<br \/>\n<a href=\"https:\/\/www.facebook.com\/people\/KokoCaf%C3%A9\/100063209950845\/\" rel=\"\">Facebook<\/a><\/p>\n<p>La boite \u00e0 fleurs, Amos<br \/>\n<a href=\"https:\/\/boiteafleurs.ca\/\" rel=\"\">https:\/\/boiteafleurs.ca\/<\/a><\/p>\n<p>La Bulle Verte, St J\u00e9r\u00f4me<br \/>\n<a href=\"https:\/\/www.labulleverte.ca\" rel=\"\">https:\/\/www.labulleverte.ca<\/a><\/p>\n<p>Panier Sant\u00e9, Drummondville<br \/>\n<a href=\"https:\/\/www.lepaniersante.com\" rel=\"\">https:\/\/www.lepaniersante.com<\/a><\/p>\n<h2>\u00a0<\/h2>\n<h2>Ontario<\/h2>\n<p>L\u2019Amie de la sant\u00e9 (Hawkesbury)<br \/><a href=\"https:\/\/www.alivecentre.com\/\" target=\"_blank\" rel=\"noopener noreferrer\">alivecentre.com<\/a><\/p>\n<p>Centre Culturel Le Chenail (Hawkesbury)<br \/><a href=\"http:\/\/www.lechenail1975.com\/index.php\/accueil\" target=\"_blank\" rel=\"noopener noreferrer\">lechenail1975.com<\/a><\/p>\n\t\t<\/div>\n\t<\/div>\n\n\t\n\n<style scope=\"scope\">\n\n<\/style>\n<\/div>\n","protected":false},"excerpt":{"rendered":"","protected":false},"author":3,"featured_media":0,"parent":0,"menu_order":0,"comment_status":"closed","ping_status":"closed","template":"page-transparent-header-light.php","meta":{"footnotes":""},"class_list":["post-1347","page","type-page","status-publish","hentry"],"_links":{"self":[{"href":"https:\/\/chocomotive.ca\/en\/wp-json\/wp\/v2\/pages\/1347","targetHints":{"allow":["GET"]}}],"collection":[{"href":"https:\/\/chocomotive.ca\/en\/wp-json\/wp\/v2\/pages"}],"about":[{"href":"https:\/\/chocomotive.ca\/en\/wp-json\/wp\/v2\/types\/page"}],"author":[{"embeddable":true,"href":"https:\/\/chocomotive.ca\/en\/wp-json\/wp\/v2\/users\/3"}],"replies":[{"embeddable":true,"href":"https:\/\/chocomotive.ca\/en\/wp-json\/wp\/v2\/comments?post=1347"}],"version-history":[{"count":6,"href":"https:\/\/chocomotive.ca\/en\/wp-json\/wp\/v2\/pages\/1347\/revisions"}],"predecessor-version":[{"id":2021,"href":"https:\/\/chocomotive.ca\/en\/wp-json\/wp\/v2\/pages\/1347\/revisions\/2021"}],"wp:attachment":[{"href":"https:\/\/chocomotive.ca\/en\/wp-json\/wp\/v2\/media?parent=1347"}],"curies":[{"name":"wp","href":"https:\/\/api.w.org\/{rel}","templated":true}]}}